{"id":853,"date":"2019-04-19T06:53:58","date_gmt":"2019-04-19T06:53:58","guid":{"rendered":"http:\/\/demo.sparklewpthemes.com\/constructionlight\/?page_id=409"},"modified":"2022-11-07T04:36:05","modified_gmt":"2022-11-07T04:36:05","slug":"interior-design","status":"publish","type":"page","link":"https:\/\/cleantecsa.com\/?page_id=853","title":{"rendered":"Aluminio y Acero Inoxidable"},"content":{"rendered":"\n<p><strong><mark style=\"background-color:rgba(0, 0, 0, 0)\" class=\"has-inline-color has-vivid-cyan-blue-color\">ALUMINOX<\/mark><\/strong> es un producto l\u00edquido concentrado, de acci\u00f3n inmediata para limpiar,<br>abrillantar el aluminio y el acero inoxidable en remolques, tanques de camiones,<br>serpentines de los aires acondicionados.<br>No crea manchas o marcas sobre la superficie del metal. Elimina manchas de \u00f3xido,<br>escoria, y holl\u00edn. Se enjuaga r\u00e1pida y f\u00e1cilmente, no requiere ser neutralizado, siendo<br>100% biodegradable.<br>No emite vapores molestos en las diluciones adecuadas, se recomienda utilizar en<br>lugares ventilados.<br>Su diluci\u00f3n puede variar de acuerdo al grado de suciedad del \u00e1rea a limpiar.<br>La diluci\u00f3n recomendada es de 1 litro por gal\u00f3n de agua para trabajos regulares.<\/p>\n\n\n\n<p><br><mark style=\"background-color:rgba(0, 0, 0, 0)\" class=\"has-inline-color has-vivid-cyan-blue-color\"><strong>FORMA DE USO:<\/strong><\/mark><br>Se aplica sobre las superficies a tratar, siempre de abajo hacia arriba.<br>Debido a los poderosos agentes penetrantes de su composici\u00f3n, no requiere cepillado<br>fuerte, ni raspado o pulido. Enjuague hasta que no tenga espuma el \u00e1rea donde se aplic\u00f3<br>el producto.<\/p>\n\n\n\n<p><br><mark style=\"background-color:rgba(0, 0, 0, 0)\" class=\"has-inline-color has-vivid-cyan-blue-color\"><strong>PRECAUCIONES:<\/strong><\/mark><br>-No se ingiera<br>-Mant\u00e9ngase fuera del alcance de los ni\u00f1os<br>-No aplicar sobre el vidrio<br>-Utilice con guantes y preferiblemente en lugar ventilado<br>-Producto industrial, gu\u00e1rdese en lugar seguro<\/p>\n\n\n\n<figure class=\"wp-block-image size-full\"><img fetchpriority=\"high\" decoding=\"async\" width=\"612\" height=\"408\" src=\"https:\/\/cleantecsa.com\/wp-content\/uploads\/2022\/11\/aluminox2.png\" alt=\"Limpieza de aluminio y acero inoxidable\" class=\"wp-image-926\" srcset=\"https:\/\/cleantecsa.com\/wp-content\/uploads\/2022\/11\/aluminox2.png 612w, https:\/\/cleantecsa.com\/wp-content\/uploads\/2022\/11\/aluminox2-300x200.png 300w, https:\/\/cleantecsa.com\/wp-content\/uploads\/2022\/11\/aluminox2-600x400.png 600w\" sizes=\"(max-width: 612px) 100vw, 612px\" \/><\/figure>\n","protected":false},"excerpt":{"rendered":"<p>ALUMINOX es un producto l\u00edquido concentrado, de acci\u00f3n inmediata para limpiar,abrillantar el aluminio y el acero inoxidable en remolques, tanques de camiones,serpentines de los aires&hellip;<\/p>\n","protected":false},"author":2,"featured_media":927,"parent":0,"menu_order":0,"comment_status":"closed","ping_status":"closed","template":"","meta":{"_joinchat":[],"footnotes":""},"class_list":["post-853","page","type-page","status-publish","has-post-thumbnail","hentry"],"_links":{"self":[{"href":"https:\/\/cleantecsa.com\/index.php?rest_route=\/wp\/v2\/pages\/853","targetHints":{"allow":["GET"]}}],"collection":[{"href":"https:\/\/cleantecsa.com\/index.php?rest_route=\/wp\/v2\/pages"}],"about":[{"href":"https:\/\/cleantecsa.com\/index.php?rest_route=\/wp\/v2\/types\/page"}],"author":[{"embeddable":true,"href":"https:\/\/cleantecsa.com\/index.php?rest_route=\/wp\/v2\/users\/2"}],"replies":[{"embeddable":true,"href":"https:\/\/cleantecsa.com\/index.php?rest_route=%2Fwp%2Fv2%2Fcomments&post=853"}],"version-history":[{"count":1,"href":"https:\/\/cleantecsa.com\/index.php?rest_route=\/wp\/v2\/pages\/853\/revisions"}],"predecessor-version":[{"id":928,"href":"https:\/\/cleantecsa.com\/index.php?rest_route=\/wp\/v2\/pages\/853\/revisions\/928"}],"wp:featuredmedia":[{"embeddable":true,"href":"https:\/\/cleantecsa.com\/index.php?rest_route=\/wp\/v2\/media\/927"}],"wp:attachment":[{"href":"https:\/\/cleantecsa.com\/index.php?rest_route=%2Fwp%2Fv2%2Fmedia&parent=853"}],"curies":[{"name":"wp","href":"https:\/\/api.w.org\/{rel}","templated":true}]}}