{"id":556,"date":"2019-04-21T06:38:28","date_gmt":"2019-04-21T06:38:28","guid":{"rendered":"http:\/\/demo.sparklewpthemes.com\/constructionlight\/?page_id=556"},"modified":"2022-11-09T02:18:49","modified_gmt":"2022-11-09T02:18:49","slug":"our-services","status":"publish","type":"page","link":"https:\/\/cleantecsa.com\/?page_id=556","title":{"rendered":"Informaci\u00f3n de productos"},"content":{"rendered":"<div id=\"pl-gb556-69ea5b50ebeb8\"  class=\"panel-layout\" ><div id=\"pg-gb556-69ea5b50ebeb8-0\"  class=\"panel-grid panel-no-style\" ><div id=\"pgc-gb556-69ea5b50ebeb8-0-0\"  class=\"panel-grid-cell\" ><div id=\"panel-gb556-69ea5b50ebeb8-0-0-0\" class=\"so-panel widget widget_construction_light_service panel-first-child panel-last-child\" data-index=\"0\" >            \r\n                <section class=\"cons_light_feature layout_one\">\r\n                    <div class=\"container\">\r\n\r\n                        \r\n                        <div class=\"row\">\r\n                                                            <div class=\"col-lg-4 col-md-4 col-sm-6 col-xs-12 feature-list\">\r\n                                    <div class=\"box\">\r\n                                        <figure>\r\n                                            <a href=\"https:\/\/cleantecsa.com\/?page_id=412\"><img fetchpriority=\"high\" decoding=\"async\" width=\"350\" height=\"280\" src=\"https:\/\/cleantecsa.com\/wp-content\/uploads\/2022\/11\/hidro-therm-removebg-preview-350x280.png\" class=\"attachment-construction-light-medium size-construction-light-medium wp-post-image\" alt=\"\" \/><\/a>\r\n                                        <\/figure>\r\n\r\n                                        <div class=\"bottom-content\">\r\n                                            <h3><a href=\"https:\/\/cleantecsa.com\/?page_id=412\">Destapa Ca\u00f1er\u00eda<\/a><\/h3>\r\n                                            <p>HIDROTHERM es el m\u00e1s r\u00e1pido agente destapador l\u00edquido, m\u00e1s pesado que el agua, dise\u00f1adopara ser usado en el mantenimiento profesional. Su excelente poder destapador, desecha&hellip;<\/p>\n                                                <a href=\"https:\/\/cleantecsa.com\/?page_id=412\" class=\"btn btn-primary\">Leer m\u00e1s<i class=\"fas fa-arrow-right\"><\/i><\/a>\r\n                                                                                    <\/div>\r\n                                    <\/div>\r\n                                <\/div>\r\n                                                            <div class=\"col-lg-4 col-md-4 col-sm-6 col-xs-12 feature-list\">\r\n                                    <div class=\"box\">\r\n                                        <figure>\r\n                                            <a href=\"https:\/\/cleantecsa.com\/?page_id=126\"><img decoding=\"async\" width=\"350\" height=\"280\" src=\"https:\/\/cleantecsa.com\/wp-content\/uploads\/2022\/11\/cleanall-desengrasante-350x280.png\" class=\"attachment-construction-light-medium size-construction-light-medium wp-post-image\" alt=\"Desengrasante Panama\" \/><\/a>\r\n                                        <\/figure>\r\n\r\n                                        <div class=\"bottom-content\">\r\n                                            <h3><a href=\"https:\/\/cleantecsa.com\/?page_id=126\">Desengrasante<\/a><\/h3>\r\n                                            <p>CLEAN ALL es un producto formulado para utilizarse como desengrasante l\u00edquido, ylimpiador de uso m\u00faltiple soluble en agua.No es corrosivo, no emana vapores t\u00f3xicos. Emulsiona&hellip;<\/p>\n                                                <a href=\"https:\/\/cleantecsa.com\/?page_id=126\" class=\"btn btn-primary\">Leer m\u00e1s<i class=\"fas fa-arrow-right\"><\/i><\/a>\r\n                                                                                    <\/div>\r\n                                    <\/div>\r\n                                <\/div>\r\n                                                            <div class=\"col-lg-4 col-md-4 col-sm-6 col-xs-12 feature-list\">\r\n                                    <div class=\"box\">\r\n                                        <figure>\r\n                                            <a href=\"https:\/\/cleantecsa.com\/?page_id=853\"><img decoding=\"async\" width=\"350\" height=\"280\" src=\"https:\/\/cleantecsa.com\/wp-content\/uploads\/2022\/11\/aluminox2-1-350x280.png\" class=\"attachment-construction-light-medium size-construction-light-medium wp-post-image\" alt=\"limpieza de aluminio y acero inoxidable panam\u00e1\" \/><\/a>\r\n                                        <\/figure>\r\n\r\n                                        <div class=\"bottom-content\">\r\n                                            <h3><a href=\"https:\/\/cleantecsa.com\/?page_id=853\">Aluminio y Acero Inoxidable<\/a><\/h3>\r\n                                            <p>ALUMINOX es un producto l\u00edquido concentrado, de acci\u00f3n inmediata para limpiar,abrillantar el aluminio y el acero inoxidable en remolques, tanques de camiones,serpentines de los aires&hellip;<\/p>\n                                                <a href=\"https:\/\/cleantecsa.com\/?page_id=853\" class=\"btn btn-primary\">Leer m\u00e1s<i class=\"fas fa-arrow-right\"><\/i><\/a>\r\n                                                                                    <\/div>\r\n                                    <\/div>\r\n                                <\/div>\r\n                                                            <div class=\"col-lg-4 col-md-4 col-sm-6 col-xs-12 feature-list\">\r\n                                    <div class=\"box\">\r\n                                        <figure>\r\n                                            <a href=\"https:\/\/cleantecsa.com\/?page_id=390\"><img loading=\"lazy\" decoding=\"async\" width=\"350\" height=\"280\" src=\"https:\/\/cleantecsa.com\/wp-content\/uploads\/2022\/11\/OverShine-350x280.png\" class=\"attachment-construction-light-medium size-construction-light-medium wp-post-image\" alt=\"\" \/><\/a>\r\n                                        <\/figure>\r\n\r\n                                        <div class=\"bottom-content\">\r\n                                            <h3><a href=\"https:\/\/cleantecsa.com\/?page_id=390\">Detergente l\u00edquido extra fuerte<\/a><\/h3>\r\n                                            <p>OVEN SHINE: Detergente l\u00edquido alcalino concentrado, formulado espec\u00edficamentepara limpieza industrial. Es excelente en pisos, paredes, maquinaria de fabricaci\u00f3n dealimentos en general, adem\u00e1s puede usarse en&hellip;<\/p>\n                                                <a href=\"https:\/\/cleantecsa.com\/?page_id=390\" class=\"btn btn-primary\">Leer m\u00e1s<i class=\"fas fa-arrow-right\"><\/i><\/a>\r\n                                                                                    <\/div>\r\n                                    <\/div>\r\n                                <\/div>\r\n                                                            <div class=\"col-lg-4 col-md-4 col-sm-6 col-xs-12 feature-list\">\r\n                                    <div class=\"box\">\r\n                                        <figure>\r\n                                            <a href=\"https:\/\/cleantecsa.com\/?page_id=1008\"><img loading=\"lazy\" decoding=\"async\" width=\"350\" height=\"280\" src=\"https:\/\/cleantecsa.com\/wp-content\/uploads\/2022\/11\/BowlClean-350x280.png\" class=\"attachment-construction-light-medium size-construction-light-medium wp-post-image\" alt=\"\" \/><\/a>\r\n                                        <\/figure>\r\n\r\n                                        <div class=\"bottom-content\">\r\n                                            <h3><a href=\"https:\/\/cleantecsa.com\/?page_id=1008\">Renovador de loza Sanitaria<\/a><\/h3>\r\n                                            <p>BOWL-CLEAN Es un producto formulado espec\u00edficamente para sanidad y desinfecci\u00f3nen general de loza sanitaria y lavaderos en general, adem\u00e1s act\u00faa como controlador debacterias, moho y&hellip;<\/p>\n                                                <a href=\"https:\/\/cleantecsa.com\/?page_id=1008\" class=\"btn btn-primary\">Leer m\u00e1s<i class=\"fas fa-arrow-right\"><\/i><\/a>\r\n                                                                                    <\/div>\r\n                                    <\/div>\r\n                                <\/div>\r\n                                                            <div class=\"col-lg-4 col-md-4 col-sm-6 col-xs-12 feature-list\">\r\n                                    <div class=\"box\">\r\n                                        <figure>\r\n                                            <a href=\"https:\/\/cleantecsa.com\/?page_id=1017\"><img loading=\"lazy\" decoding=\"async\" width=\"350\" height=\"280\" src=\"https:\/\/cleantecsa.com\/wp-content\/uploads\/2022\/11\/DeepClean-350x280.png\" class=\"attachment-construction-light-medium size-construction-light-medium wp-post-image\" alt=\"\" \/><\/a>\r\n                                        <\/figure>\r\n\r\n                                        <div class=\"bottom-content\">\r\n                                            <h3><a href=\"https:\/\/cleantecsa.com\/?page_id=1017\">Desengrasante de uso m\u00faltiple<\/a><\/h3>\r\n                                            <p>SUPERVIX Es un producto formulado para utilizarse como desengrasante y limpiadorde uso m\u00faltiple soluble en agua.No es corrosivo, no emana vapores t\u00f3xicos. Emulsiona las grasas&hellip;<\/p>\n                                                <a href=\"https:\/\/cleantecsa.com\/?page_id=1017\" class=\"btn btn-primary\">Leer m\u00e1s<i class=\"fas fa-arrow-right\"><\/i><\/a>\r\n                                                                                    <\/div>\r\n                                    <\/div>\r\n                                <\/div>\r\n                                                    <\/div>\r\n                    <\/div>\r\n                <\/section>\r\n            <\/div><\/div><\/div><\/div>\n\n\n<p><\/p>\n","protected":false},"excerpt":{"rendered":"","protected":false},"author":2,"featured_media":200,"parent":0,"menu_order":0,"comment_status":"closed","ping_status":"closed","template":"template-pagebuilder.php","meta":{"_joinchat":[],"footnotes":""},"class_list":["post-556","page","type-page","status-publish","has-post-thumbnail","hentry"],"_links":{"self":[{"href":"https:\/\/cleantecsa.com\/index.php?rest_route=\/wp\/v2\/pages\/556","targetHints":{"allow":["GET"]}}],"collection":[{"href":"https:\/\/cleantecsa.com\/index.php?rest_route=\/wp\/v2\/pages"}],"about":[{"href":"https:\/\/cleantecsa.com\/index.php?rest_route=\/wp\/v2\/types\/page"}],"author":[{"embeddable":true,"href":"https:\/\/cleantecsa.com\/index.php?rest_route=\/wp\/v2\/users\/2"}],"replies":[{"embeddable":true,"href":"https:\/\/cleantecsa.com\/index.php?rest_route=%2Fwp%2Fv2%2Fcomments&post=556"}],"version-history":[{"count":5,"href":"https:\/\/cleantecsa.com\/index.php?rest_route=\/wp\/v2\/pages\/556\/revisions"}],"predecessor-version":[{"id":1023,"href":"https:\/\/cleantecsa.com\/index.php?rest_route=\/wp\/v2\/pages\/556\/revisions\/1023"}],"wp:featuredmedia":[{"embeddable":true,"href":"https:\/\/cleantecsa.com\/index.php?rest_route=\/wp\/v2\/media\/200"}],"wp:attachment":[{"href":"https:\/\/cleantecsa.com\/index.php?rest_route=%2Fwp%2Fv2%2Fmedia&parent=556"}],"curies":[{"name":"wp","href":"https:\/\/api.w.org\/{rel}","templated":true}]}}