{"id":412,"date":"2019-04-19T06:56:49","date_gmt":"2019-04-19T06:56:49","guid":{"rendered":"http:\/\/demo.sparklewpthemes.com\/constructionlight\/?page_id=412"},"modified":"2022-11-07T04:30:59","modified_gmt":"2022-11-07T04:30:59","slug":"house-construction","status":"publish","type":"page","link":"https:\/\/cleantecsa.com\/?page_id=412","title":{"rendered":"Destapa Ca\u00f1er\u00eda"},"content":{"rendered":"\n<p><mark style=\"background-color:rgba(0, 0, 0, 0)\" class=\"has-inline-color has-vivid-cyan-blue-color\">HIDROTHERM<\/mark> es el m\u00e1s r\u00e1pido agente destapador l\u00edquido, m\u00e1s pesado que el agua, dise\u00f1ado<br>para ser usado en el mantenimiento profesional. Su excelente poder destapador, desecha todos<br>los residuos y limpia las tuber\u00edas m\u00e1s obstruidas.<\/p>\n\n\n\n<p><strong><mark style=\"background-color:rgba(0, 0, 0, 0)\" class=\"has-inline-color has-vivid-cyan-blue-color\">IMPORTANTE: <\/mark>PREFERIBLEMENTE, LA CA\u00d1ER\u00cdA DEBE ESTAR LIBRE DE CUALQUIER<br>OTRO DESATORADOR, SOLVENTE O QU\u00cdMICO.<\/strong><\/p>\n\n\n\n<p><mark style=\"background-color:rgba(0, 0, 0, 0)\" class=\"has-inline-color has-vivid-cyan-blue-color\">FORMA DE USO:<\/mark><br>-Quite el exceso de agua de las ca\u00f1er\u00edas del sumidero o vasos sanitarios<br>-Derrame lentamente las cantidades recomendadas del producto directamente en las<br>ca\u00f1er\u00edas del sumidero.<\/p>\n\n\n\n<p>&#8211; D\u00e9jese por 5 minutos y agregue un poco de agua<br>-Despu\u00e9s de otros 5 minutos enjuague con bastante agua fr\u00eda.<br>-Repita si es necesario, cuando las diluciones recomendadas no fueran suficientes para<br>destapar totalmente la ca\u00f1er\u00eda.<\/p>\n\n\n\n<figure class=\"wp-block-image size-full\"><img fetchpriority=\"high\" decoding=\"async\" width=\"612\" height=\"408\" src=\"https:\/\/cleantecsa.com\/wp-content\/uploads\/2022\/11\/hidro-therm-removebg-preview-1.png\" alt=\"\" class=\"wp-image-922\" srcset=\"https:\/\/cleantecsa.com\/wp-content\/uploads\/2022\/11\/hidro-therm-removebg-preview-1.png 612w, https:\/\/cleantecsa.com\/wp-content\/uploads\/2022\/11\/hidro-therm-removebg-preview-1-300x200.png 300w, https:\/\/cleantecsa.com\/wp-content\/uploads\/2022\/11\/hidro-therm-removebg-preview-1-600x400.png 600w\" sizes=\"(max-width: 612px) 100vw, 612px\" \/><\/figure>\n","protected":false},"excerpt":{"rendered":"<p>HIDROTHERM es el m\u00e1s r\u00e1pido agente destapador l\u00edquido, m\u00e1s pesado que el agua, dise\u00f1adopara ser usado en el mantenimiento profesional. Su excelente poder destapador, desecha&hellip;<\/p>\n","protected":false},"author":2,"featured_media":921,"parent":0,"menu_order":0,"comment_status":"closed","ping_status":"closed","template":"","meta":{"_joinchat":[],"footnotes":""},"class_list":["post-412","page","type-page","status-publish","has-post-thumbnail","hentry"],"_links":{"self":[{"href":"https:\/\/cleantecsa.com\/index.php?rest_route=\/wp\/v2\/pages\/412","targetHints":{"allow":["GET"]}}],"collection":[{"href":"https:\/\/cleantecsa.com\/index.php?rest_route=\/wp\/v2\/pages"}],"about":[{"href":"https:\/\/cleantecsa.com\/index.php?rest_route=\/wp\/v2\/types\/page"}],"author":[{"embeddable":true,"href":"https:\/\/cleantecsa.com\/index.php?rest_route=\/wp\/v2\/users\/2"}],"replies":[{"embeddable":true,"href":"https:\/\/cleantecsa.com\/index.php?rest_route=%2Fwp%2Fv2%2Fcomments&post=412"}],"version-history":[{"count":2,"href":"https:\/\/cleantecsa.com\/index.php?rest_route=\/wp\/v2\/pages\/412\/revisions"}],"predecessor-version":[{"id":924,"href":"https:\/\/cleantecsa.com\/index.php?rest_route=\/wp\/v2\/pages\/412\/revisions\/924"}],"wp:featuredmedia":[{"embeddable":true,"href":"https:\/\/cleantecsa.com\/index.php?rest_route=\/wp\/v2\/media\/921"}],"wp:attachment":[{"href":"https:\/\/cleantecsa.com\/index.php?rest_route=%2Fwp%2Fv2%2Fmedia&parent=412"}],"curies":[{"name":"wp","href":"https:\/\/api.w.org\/{rel}","templated":true}]}}