{"id":390,"date":"2019-04-19T05:32:48","date_gmt":"2019-04-19T05:32:48","guid":{"rendered":"http:\/\/demo.sparklewpthemes.com\/constructionlight\/?page_id=390"},"modified":"2022-11-09T01:57:01","modified_gmt":"2022-11-09T01:57:01","slug":"architectural-design","status":"publish","type":"page","link":"https:\/\/cleantecsa.com\/?page_id=390","title":{"rendered":"Detergente l\u00edquido extra fuerte"},"content":{"rendered":"\n<p class=\"has-medium-font-size\"><mark style=\"background-color:rgba(0, 0, 0, 0)\" class=\"has-inline-color has-vivid-cyan-blue-color\"><strong>OVEN SHINE: <\/strong><\/mark><\/p>\n\n\n\n<p>Detergente l\u00edquido alcalino concentrado, formulado espec\u00edficamente<br>para limpieza industrial. Es excelente en pisos, paredes, maquinaria de fabricaci\u00f3n de<br>alimentos en general, adem\u00e1s puede usarse en barbacoas, hornos, ollas y quemadores de<br>cocinas industriales. Disuelve la grasa con menor esfuerzo, que los limpiadores<br>convencionales. Es de f\u00e1cil manejo y no emana vapores molestos.<\/p>\n\n\n\n<p><mark style=\"background-color:rgba(0, 0, 0, 0)\" class=\"has-inline-color has-vivid-cyan-blue-color\">FORMA DE USO: <\/mark>Diluya 1 parte del producto en 20 partes de agua para limpieza<br>ligera y 1 parte de producto en 10 partes de agua para limpieza pesada, restriegue con<br>esponja o cepillo de ser necesario. Repita si la capa de grasa es gruesa.<\/p>\n\n\n\n<figure class=\"wp-block-image size-full\"><img fetchpriority=\"high\" decoding=\"async\" width=\"612\" height=\"408\" src=\"https:\/\/cleantecsa.com\/wp-content\/uploads\/2022\/11\/OverShine.png\" alt=\"\" class=\"wp-image-1014\" srcset=\"https:\/\/cleantecsa.com\/wp-content\/uploads\/2022\/11\/OverShine.png 612w, https:\/\/cleantecsa.com\/wp-content\/uploads\/2022\/11\/OverShine-300x200.png 300w, https:\/\/cleantecsa.com\/wp-content\/uploads\/2022\/11\/OverShine-600x400.png 600w\" sizes=\"(max-width: 612px) 100vw, 612px\" \/><\/figure>\n","protected":false},"excerpt":{"rendered":"<p>OVEN SHINE: Detergente l\u00edquido alcalino concentrado, formulado espec\u00edficamentepara limpieza industrial. Es excelente en pisos, paredes, maquinaria de fabricaci\u00f3n dealimentos en general, adem\u00e1s puede usarse en&hellip;<\/p>\n","protected":false},"author":2,"featured_media":1014,"parent":0,"menu_order":0,"comment_status":"closed","ping_status":"closed","template":"","meta":{"_joinchat":[],"footnotes":""},"class_list":["post-390","page","type-page","status-publish","has-post-thumbnail","hentry"],"_links":{"self":[{"href":"https:\/\/cleantecsa.com\/index.php?rest_route=\/wp\/v2\/pages\/390","targetHints":{"allow":["GET"]}}],"collection":[{"href":"https:\/\/cleantecsa.com\/index.php?rest_route=\/wp\/v2\/pages"}],"about":[{"href":"https:\/\/cleantecsa.com\/index.php?rest_route=\/wp\/v2\/types\/page"}],"author":[{"embeddable":true,"href":"https:\/\/cleantecsa.com\/index.php?rest_route=\/wp\/v2\/users\/2"}],"replies":[{"embeddable":true,"href":"https:\/\/cleantecsa.com\/index.php?rest_route=%2Fwp%2Fv2%2Fcomments&post=390"}],"version-history":[{"count":3,"href":"https:\/\/cleantecsa.com\/index.php?rest_route=\/wp\/v2\/pages\/390\/revisions"}],"predecessor-version":[{"id":1016,"href":"https:\/\/cleantecsa.com\/index.php?rest_route=\/wp\/v2\/pages\/390\/revisions\/1016"}],"wp:featuredmedia":[{"embeddable":true,"href":"https:\/\/cleantecsa.com\/index.php?rest_route=\/wp\/v2\/media\/1014"}],"wp:attachment":[{"href":"https:\/\/cleantecsa.com\/index.php?rest_route=%2Fwp%2Fv2%2Fmedia&parent=390"}],"curies":[{"name":"wp","href":"https:\/\/api.w.org\/{rel}","templated":true}]}}