{"id":126,"date":"2018-02-27T07:51:08","date_gmt":"2018-02-27T07:51:08","guid":{"rendered":"http:\/\/offshorethemes.com\/demo\/sparkconstruction\/?page_id=126"},"modified":"2022-11-07T04:23:28","modified_gmt":"2022-11-07T04:23:28","slug":"electrical-wiring","status":"publish","type":"page","link":"https:\/\/cleantecsa.com\/?page_id=126","title":{"rendered":"Desengrasante"},"content":{"rendered":"\n<p><mark style=\"background-color:rgba(0, 0, 0, 0)\" class=\"has-inline-color has-vivid-cyan-blue-color\"><strong>CLEAN ALL<\/strong> <\/mark>es un producto formulado para utilizarse como desengrasante l\u00edquido, y<br>limpiador de uso m\u00faltiple soluble en agua.<br>No es corrosivo, no emana vapores t\u00f3xicos. Emulsiona las grasas y aceites en las<br>diluciones recomendadas por el asesor qu\u00edmico.<br>No afecta al ambiente.<br>Su diluci\u00f3n puede variar de acuerdo al grado de suciedad de la superficie a tratar.<br>La recomendaci\u00f3n generalmente es de 1 litro de producto por gal\u00f3n de agua, puede<br>aumentar la cantidad de producto en caso de no funcionar.<\/p>\n\n\n\n<p><br><strong><mark style=\"background-color:rgba(0, 0, 0, 0)\" class=\"has-inline-color has-vivid-cyan-blue-color\">FORMA DE USO:<\/mark><\/strong><br>Aplique sobre la superficie a tratar, luego restriegue, utilice un cepillo o escobill\u00f3n para<br>asegurar una limpieza absoluta. Espere de 2 a 3 minutos para que la soluci\u00f3n act\u00fae y<br>luego enjuague con agua.<br>En caso de piezas met\u00e1licas, puede hacerlo por inmersi\u00f3n con las diluciones adecuadas,<br>dependiendo del grado de suciedad.<\/p>\n\n\n\n<p><br><strong><mark style=\"background-color:rgba(0, 0, 0, 0)\" class=\"has-inline-color has-vivid-cyan-blue-color\">COMPOSICI\u00d3N FISICO \u2013 QU\u00cdMICA:<\/mark><\/strong><br>-Tipo Detergente l\u00edquido, desengrasante<br>&#8211; Color Amarillo<br>&#8211; pH 12.0<br>&#8211; Inflamabilidad 0%<br>&#8211; Solubilidad 100% soluble en Agua. Biodegradable<br>&#8211; Composici\u00f3n Hidr\u00f3xido de Sodio, Metasilicato de Sodio Pentahidratado<\/p>\n\n\n\n<p><strong><mark style=\"background-color:rgba(0, 0, 0, 0)\" class=\"has-inline-color has-vivid-cyan-blue-color\">PRECAUCIONES:<\/mark><\/strong><br>-No se ingiera. Gu\u00e1rdese en un lugar seguro. <\/p>\n\n\n\n<p>-Mant\u00e9ngase fuera del alcance de los ni\u00f1os.<\/p>\n\n\n\n<figure class=\"wp-block-image size-full\"><img fetchpriority=\"high\" decoding=\"async\" width=\"612\" height=\"408\" src=\"https:\/\/cleantecsa.com\/wp-content\/uploads\/2022\/11\/cleanall-desengrasante-1.png\" alt=\"\" class=\"wp-image-917\" srcset=\"https:\/\/cleantecsa.com\/wp-content\/uploads\/2022\/11\/cleanall-desengrasante-1.png 612w, https:\/\/cleantecsa.com\/wp-content\/uploads\/2022\/11\/cleanall-desengrasante-1-300x200.png 300w, https:\/\/cleantecsa.com\/wp-content\/uploads\/2022\/11\/cleanall-desengrasante-1-600x400.png 600w\" sizes=\"(max-width: 612px) 100vw, 612px\" \/><\/figure>\n","protected":false},"excerpt":{"rendered":"<p>CLEAN ALL es un producto formulado para utilizarse como desengrasante l\u00edquido, ylimpiador de uso m\u00faltiple soluble en agua.No es corrosivo, no emana vapores t\u00f3xicos. Emulsiona&hellip;<\/p>\n","protected":false},"author":2,"featured_media":890,"parent":0,"menu_order":0,"comment_status":"closed","ping_status":"closed","template":"","meta":{"_joinchat":[],"footnotes":""},"class_list":["post-126","page","type-page","status-publish","has-post-thumbnail","hentry"],"_links":{"self":[{"href":"https:\/\/cleantecsa.com\/index.php?rest_route=\/wp\/v2\/pages\/126","targetHints":{"allow":["GET"]}}],"collection":[{"href":"https:\/\/cleantecsa.com\/index.php?rest_route=\/wp\/v2\/pages"}],"about":[{"href":"https:\/\/cleantecsa.com\/index.php?rest_route=\/wp\/v2\/types\/page"}],"author":[{"embeddable":true,"href":"https:\/\/cleantecsa.com\/index.php?rest_route=\/wp\/v2\/users\/2"}],"replies":[{"embeddable":true,"href":"https:\/\/cleantecsa.com\/index.php?rest_route=%2Fwp%2Fv2%2Fcomments&post=126"}],"version-history":[{"count":4,"href":"https:\/\/cleantecsa.com\/index.php?rest_route=\/wp\/v2\/pages\/126\/revisions"}],"predecessor-version":[{"id":918,"href":"https:\/\/cleantecsa.com\/index.php?rest_route=\/wp\/v2\/pages\/126\/revisions\/918"}],"wp:featuredmedia":[{"embeddable":true,"href":"https:\/\/cleantecsa.com\/index.php?rest_route=\/wp\/v2\/media\/890"}],"wp:attachment":[{"href":"https:\/\/cleantecsa.com\/index.php?rest_route=%2Fwp%2Fv2%2Fmedia&parent=126"}],"curies":[{"name":"wp","href":"https:\/\/api.w.org\/{rel}","templated":true}]}}