{"id":1017,"date":"2022-11-09T02:09:40","date_gmt":"2022-11-09T02:09:40","guid":{"rendered":"https:\/\/cleantecsa.com\/?page_id=1017"},"modified":"2022-11-09T02:13:53","modified_gmt":"2022-11-09T02:13:53","slug":"desengrasante-de-uso-multiple","status":"publish","type":"page","link":"https:\/\/cleantecsa.com\/?page_id=1017","title":{"rendered":"Desengrasante de uso m\u00faltiple"},"content":{"rendered":"\n<p class=\"has-medium-font-size\"><mark style=\"background-color:rgba(0, 0, 0, 0)\" class=\"has-inline-color has-vivid-cyan-blue-color\"><strong>SUPERVIX<\/strong><\/mark> Es un producto formulado para utilizarse como desengrasante y limpiador<br>de uso m\u00faltiple soluble en agua.<br>No es corrosivo, no emana vapores t\u00f3xicos. Emulsiona las grasas y aceites en las<br>diluciones recomendadas por el asesor qu\u00edmico.<\/p>\n\n\n\n<p class=\"has-medium-font-size\"><strong>Es biodegradable, no afecta al medio ambiente.<\/strong><\/p>\n\n\n\n<p class=\"has-medium-font-size\"><mark style=\"background-color:rgba(0, 0, 0, 0)\" class=\"has-inline-color has-vivid-cyan-blue-color\">Modo de Uso:<\/mark><\/p>\n\n\n\n<p class=\"has-medium-font-size\">La diluci\u00f3n recomendada es de 1 litro de producto por gal\u00f3n de agua. La misma puede<br>variar de acuerdo al grado de suciedad de la superficie a tratar.<br>Se utiliza en f\u00e1bricas de embutidos, plantas av\u00edcolas y porcinas, plantas de mariscos y<br>lecher\u00edas, entre otros.<\/p>\n\n\n\n<p class=\"has-medium-font-size\"><strong><mark style=\"background-color:rgba(0, 0, 0, 0)\" class=\"has-inline-color has-vivid-cyan-blue-color\">FORMA DE USO:<\/mark><\/strong><br>Se aplica sobre la superficie a tratar, luego restriegue utilizando un cepillo o escobill\u00f3n<br>para asegurar una limpieza absoluta. Espere de 2 a 3 minutos para que la soluci\u00f3n act\u00fae<br>y luego retire el producto con agua.<\/p>\n\n\n\n<figure class=\"wp-block-image is-resized\"><img fetchpriority=\"high\" decoding=\"async\" src=\"https:\/\/cleantecsa.com\/wp-content\/uploads\/2022\/11\/DeepClean-300x200.png\" alt=\"\" class=\"wp-image-1018\" width=\"415\" height=\"277\" srcset=\"https:\/\/cleantecsa.com\/wp-content\/uploads\/2022\/11\/DeepClean-300x200.png 300w, https:\/\/cleantecsa.com\/wp-content\/uploads\/2022\/11\/DeepClean-600x400.png 600w, https:\/\/cleantecsa.com\/wp-content\/uploads\/2022\/11\/DeepClean.png 612w\" sizes=\"(max-width: 415px) 100vw, 415px\" \/><\/figure>\n","protected":false},"excerpt":{"rendered":"<p>SUPERVIX Es un producto formulado para utilizarse como desengrasante y limpiadorde uso m\u00faltiple soluble en agua.No es corrosivo, no emana vapores t\u00f3xicos. Emulsiona las grasas&hellip;<\/p>\n","protected":false},"author":2,"featured_media":1018,"parent":0,"menu_order":0,"comment_status":"closed","ping_status":"closed","template":"","meta":{"_joinchat":[],"footnotes":""},"class_list":["post-1017","page","type-page","status-publish","has-post-thumbnail","hentry"],"_links":{"self":[{"href":"https:\/\/cleantecsa.com\/index.php?rest_route=\/wp\/v2\/pages\/1017","targetHints":{"allow":["GET"]}}],"collection":[{"href":"https:\/\/cleantecsa.com\/index.php?rest_route=\/wp\/v2\/pages"}],"about":[{"href":"https:\/\/cleantecsa.com\/index.php?rest_route=\/wp\/v2\/types\/page"}],"author":[{"embeddable":true,"href":"https:\/\/cleantecsa.com\/index.php?rest_route=\/wp\/v2\/users\/2"}],"replies":[{"embeddable":true,"href":"https:\/\/cleantecsa.com\/index.php?rest_route=%2Fwp%2Fv2%2Fcomments&post=1017"}],"version-history":[{"count":2,"href":"https:\/\/cleantecsa.com\/index.php?rest_route=\/wp\/v2\/pages\/1017\/revisions"}],"predecessor-version":[{"id":1021,"href":"https:\/\/cleantecsa.com\/index.php?rest_route=\/wp\/v2\/pages\/1017\/revisions\/1021"}],"wp:featuredmedia":[{"embeddable":true,"href":"https:\/\/cleantecsa.com\/index.php?rest_route=\/wp\/v2\/media\/1018"}],"wp:attachment":[{"href":"https:\/\/cleantecsa.com\/index.php?rest_route=%2Fwp%2Fv2%2Fmedia&parent=1017"}],"curies":[{"name":"wp","href":"https:\/\/api.w.org\/{rel}","templated":true}]}}